{"id":2819,"date":"2022-08-01T11:01:50","date_gmt":"2022-08-01T08:01:50","guid":{"rendered":"https:\/\/blu.taxiaxd.gr\/product\/lungo-dolce-gusto-compatible-capsules\/"},"modified":"2022-11-17T19:31:44","modified_gmt":"2022-11-17T17:31:44","slug":"lungo-dolce-gusto-compatible-capsules","status":"publish","type":"product","link":"https:\/\/eshop.blu-caffe.com\/en\/product\/espresso-coffee\/ground-coffee\/dolce-gusto-compatible-capsules\/lungo-dolce-gusto-compatible-capsules\/","title":{"rendered":"Lungo Dolce Gusto Compatible Coffee Capsules"},"content":{"rendered":"<p>Un <strong>caff\u00e8 100% Arabica<\/strong>, dal gusto delicato ed equilibrato. <strong>Lungo<\/strong> \u00e8 la scelta perfetta per la tua prima colazione e ideale da gustare durante tutta la giornata. Capsule compatibili con macchine da caff\u00e8 NESCAFE&#8217;\u00ae* DOLCE GUSTO\u00ae* .<\/p>\n<p><em>*Il marchio non \u00e8 di propriet\u00e0 di Caffitaly System S.p.A. n\u00e9 di aziende ad essa collegate.<\/em><\/p>\n","protected":false},"excerpt":{"rendered":"<p>Un <strong>caff\u00e8 100% Arabica<\/strong>, dal gusto delicato ed equilibrato. <strong>Lungo<\/strong> \u00e8 la scelta perfetta per la tua prima colazione e ideale da gustare durante tutta la giornata. Capsule compatibili con macchine da caff\u00e8 NESCAFE&#8217;\u00ae* DOLCE GUSTO\u00ae* .<\/p>\n<p><em>*Il marchio non \u00e8 di propriet\u00e0 di Caffitaly System S.p.A. n\u00e9 di aziende ad essa collegate.<\/em><\/p>\n","protected":false},"featured_media":2736,"template":"","meta":{"site-sidebar-layout":"default","site-content-layout":"default","ast-global-header-display":"","ast-main-header-display":"","ast-hfb-above-header-display":"","ast-hfb-below-header-display":"","ast-hfb-mobile-header-display":"","site-post-title":"","ast-breadcrumbs-content":"","ast-featured-img":"","footer-sml-layout":"","theme-transparent-header-meta":"default","adv-header-id-meta":"","stick-header-meta":"","header-above-stick-meta":"","header-main-stick-meta":"","header-below-stick-meta":""},"product_cat":[144],"product_tag":[],"_links":{"self":[{"href":"https:\/\/eshop.blu-caffe.com\/en\/wp-json\/wp\/v2\/product\/2819"}],"collection":[{"href":"https:\/\/eshop.blu-caffe.com\/en\/wp-json\/wp\/v2\/product"}],"about":[{"href":"https:\/\/eshop.blu-caffe.com\/en\/wp-json\/wp\/v2\/types\/product"}],"wp:featuredmedia":[{"embeddable":true,"href":"https:\/\/eshop.blu-caffe.com\/en\/wp-json\/wp\/v2\/media\/2736"}],"wp:attachment":[{"href":"https:\/\/eshop.blu-caffe.com\/en\/wp-json\/wp\/v2\/media?parent=2819"}],"wp:term":[{"taxonomy":"product_cat","embeddable":true,"href":"https:\/\/eshop.blu-caffe.com\/en\/wp-json\/wp\/v2\/product_cat?post=2819"},{"taxonomy":"product_tag","embeddable":true,"href":"https:\/\/eshop.blu-caffe.com\/en\/wp-json\/wp\/v2\/product_tag?post=2819"}],"curies":[{"name":"wp","href":"https:\/\/api.w.org\/{rel}","templated":true}]}}